{"id":209,"date":"2024-07-12T11:49:19","date_gmt":"2024-07-12T11:49:19","guid":{"rendered":"https:\/\/cairdeanchlair.org\/?page_id=209"},"modified":"2024-07-13T19:54:58","modified_gmt":"2024-07-13T19:54:58","slug":"report-omaum-river-plan","status":"publish","type":"page","link":"https:\/\/cairdeanchlair.org\/es\/reports\/report-omaum-river-plan\/","title":{"rendered":"Informe: Plano del r\u00edo Omaum"},"content":{"rendered":"<p><\/p>\n\n\n\n<div data-wp-interactive=\"core\/file\" class=\"wp-block-file\"><object data-wp-bind--hidden=\"!state.hasPdfPreview\" hidden class=\"wp-block-file__embed\" data=\"https:\/\/cairdeanchlair.org\/wp-content\/uploads\/2024\/07\/OmaumPlanDr.1.pdf\" type=\"application\/pdf\" style=\"width:100%;height:600px\" aria-label=\"Incorporaci\u00f3n del Plan de Mejora del H\u00e1bitat del R\u00edo Omaum (2021) PDF.\"><\/object><a id=\"wp-block-file--media-da12a215-180e-4489-9d3f-42fd6f3ba159\" href=\"https:\/\/cairdeanchlair.org\/wp-content\/uploads\/2024\/07\/OmaumPlanDr.1.pdf\">Plan de Mejora del H\u00e1bitat del R\u00edo Omaum (2021) PDF<\/a><a href=\"https:\/\/cairdeanchlair.org\/wp-content\/uploads\/2024\/07\/OmaumPlanDr.1.pdf\" class=\"wp-block-file__button wp-element-button\" download aria-describedby=\"wp-block-file--media-da12a215-180e-4489-9d3f-42fd6f3ba159\">Descargar<\/a><\/div>","protected":false},"excerpt":{"rendered":"","protected":false},"author":3,"featured_media":0,"parent":192,"menu_order":0,"comment_status":"closed","ping_status":"closed","template":"","meta":{"footnotes":""},"class_list":["post-209","page","type-page","status-publish","hentry"],"jetpack_sharing_enabled":true,"_links":{"self":[{"href":"https:\/\/cairdeanchlair.org\/es\/wp-json\/wp\/v2\/pages\/209","targetHints":{"allow":["GET"]}}],"collection":[{"href":"https:\/\/cairdeanchlair.org\/es\/wp-json\/wp\/v2\/pages"}],"about":[{"href":"https:\/\/cairdeanchlair.org\/es\/wp-json\/wp\/v2\/types\/page"}],"author":[{"embeddable":true,"href":"https:\/\/cairdeanchlair.org\/es\/wp-json\/wp\/v2\/users\/3"}],"replies":[{"embeddable":true,"href":"https:\/\/cairdeanchlair.org\/es\/wp-json\/wp\/v2\/comments?post=209"}],"version-history":[{"count":1,"href":"https:\/\/cairdeanchlair.org\/es\/wp-json\/wp\/v2\/pages\/209\/revisions"}],"predecessor-version":[{"id":210,"href":"https:\/\/cairdeanchlair.org\/es\/wp-json\/wp\/v2\/pages\/209\/revisions\/210"}],"up":[{"embeddable":true,"href":"https:\/\/cairdeanchlair.org\/es\/wp-json\/wp\/v2\/pages\/192"}],"wp:attachment":[{"href":"https:\/\/cairdeanchlair.org\/es\/wp-json\/wp\/v2\/media?parent=209"}],"curies":[{"name":"wp","href":"https:\/\/api.w.org\/{rel}","templated":true}]}}