{"id":176,"date":"2024-07-11T17:20:37","date_gmt":"2024-07-11T17:20:37","guid":{"rendered":"https:\/\/cairdeanchlair.org\/?page_id=176"},"modified":"2024-07-13T19:55:23","modified_gmt":"2024-07-13T19:55:23","slug":"west-at-vanguard-in-fight-for-fishing-reform","status":"publish","type":"page","link":"https:\/\/cairdeanchlair.org\/fr\/news-articles\/west-at-vanguard-in-fight-for-fishing-reform\/","title":{"rendered":"L'Ouest \u00e0 l'avant-garde dans la lutte pour la r\u00e9forme de la p\u00eache"},"content":{"rendered":"<p>Article paru dans le Connacht Tribune le 11 mai 20xx<\/p>\n\n\n\n<figure class=\"wp-block-image size-large\"><img decoding=\"async\" width=\"767\" height=\"1024\" src=\"https:\/\/cairdeanchlair.org\/wp-content\/uploads\/2024\/07\/20240511_101225-west-at-vanguard-in-fight-for-fishing-reform-767x1024.jpg\" alt=\"Connacht Tribune article L&#039;Ouest \u00e0 l&#039;avant-garde dans la lutte pour la r\u00e9forme de la p\u00eache par Dennis Moss\" class=\"wp-image-87\" srcset=\"https:\/\/cairdeanchlair.org\/wp-content\/uploads\/2024\/07\/20240511_101225-west-at-vanguard-in-fight-for-fishing-reform-767x1024.jpg 767w, https:\/\/cairdeanchlair.org\/wp-content\/uploads\/2024\/07\/20240511_101225-west-at-vanguard-in-fight-for-fishing-reform-225x300.jpg 225w, https:\/\/cairdeanchlair.org\/wp-content\/uploads\/2024\/07\/20240511_101225-west-at-vanguard-in-fight-for-fishing-reform-768x1025.jpg 768w, https:\/\/cairdeanchlair.org\/wp-content\/uploads\/2024\/07\/20240511_101225-west-at-vanguard-in-fight-for-fishing-reform-1150x1536.jpg 1150w, https:\/\/cairdeanchlair.org\/wp-content\/uploads\/2024\/07\/20240511_101225-west-at-vanguard-in-fight-for-fishing-reform.jpg 1438w\" sizes=\"(max-width: 767px) 100vw, 767px\" \/><figcaption class=\"wp-element-caption\">Connacht Tribune article L'Ouest \u00e0 l'avant-garde dans la lutte pour la r\u00e9forme de la p\u00eache par Dennis Moss<\/figcaption><\/figure>","protected":false},"excerpt":{"rendered":"<p>Article paru dans le Connacht Tribune le 11 mai 20xx<\/p>","protected":false},"author":3,"featured_media":0,"parent":117,"menu_order":0,"comment_status":"closed","ping_status":"closed","template":"","meta":{"footnotes":""},"class_list":["post-176","page","type-page","status-publish","hentry"],"jetpack_sharing_enabled":true,"_links":{"self":[{"href":"https:\/\/cairdeanchlair.org\/fr\/wp-json\/wp\/v2\/pages\/176","targetHints":{"allow":["GET"]}}],"collection":[{"href":"https:\/\/cairdeanchlair.org\/fr\/wp-json\/wp\/v2\/pages"}],"about":[{"href":"https:\/\/cairdeanchlair.org\/fr\/wp-json\/wp\/v2\/types\/page"}],"author":[{"embeddable":true,"href":"https:\/\/cairdeanchlair.org\/fr\/wp-json\/wp\/v2\/users\/3"}],"replies":[{"embeddable":true,"href":"https:\/\/cairdeanchlair.org\/fr\/wp-json\/wp\/v2\/comments?post=176"}],"version-history":[{"count":1,"href":"https:\/\/cairdeanchlair.org\/fr\/wp-json\/wp\/v2\/pages\/176\/revisions"}],"predecessor-version":[{"id":177,"href":"https:\/\/cairdeanchlair.org\/fr\/wp-json\/wp\/v2\/pages\/176\/revisions\/177"}],"up":[{"embeddable":true,"href":"https:\/\/cairdeanchlair.org\/fr\/wp-json\/wp\/v2\/pages\/117"}],"wp:attachment":[{"href":"https:\/\/cairdeanchlair.org\/fr\/wp-json\/wp\/v2\/media?parent=176"}],"curies":[{"name":"wp","href":"https:\/\/api.w.org\/{rel}","templated":true}]}}