{"id":574,"date":"2024-09-09T12:19:15","date_gmt":"2024-09-09T11:19:15","guid":{"rendered":"https:\/\/cairdeanchlair.org\/?page_id=574"},"modified":"2024-09-09T12:30:00","modified_gmt":"2024-09-09T11:30:00","slug":"changes-planned-to-the-protection-management-of-rivers","status":"publish","type":"page","link":"https:\/\/cairdeanchlair.org\/pt\/news-articles\/changes-planned-to-the-protection-management-of-rivers\/","title":{"rendered":"Altera\u00e7\u00f5es previstas na prote\u00e7\u00e3o, gest\u00e3o dos rios"},"content":{"rendered":"<p>Not\u00edcias <a href=\"https:\/\/www.rte.ie\/news\/environment\/2024\/0905\/1468424-water-action-plan\/\">artigo <\/a>publicado na RTE em 5 de setembro de 2024<\/p>\n\n\n\n<figure class=\"wp-block-image size-large\"><a href=\"https:\/\/www.rte.ie\/news\/environment\/2024\/0905\/1468424-water-action-plan\/\"><img decoding=\"async\" width=\"1024\" height=\"960\" src=\"https:\/\/cairdeanchlair.org\/wp-content\/uploads\/2024\/09\/RTE_5-sept-2024_change-planned-to-protection-mngm-rivers-1024x960.jpg\" alt=\"Altera\u00e7\u00f5es previstas na prote\u00e7\u00e3o, gest\u00e3o dos rios\" class=\"wp-image-575\" srcset=\"https:\/\/cairdeanchlair.org\/wp-content\/uploads\/2024\/09\/RTE_5-sept-2024_change-planned-to-protection-mngm-rivers-1024x960.jpg 1024w, https:\/\/cairdeanchlair.org\/wp-content\/uploads\/2024\/09\/RTE_5-sept-2024_change-planned-to-protection-mngm-rivers-300x281.jpg 300w, https:\/\/cairdeanchlair.org\/wp-content\/uploads\/2024\/09\/RTE_5-sept-2024_change-planned-to-protection-mngm-rivers-768x720.jpg 768w, https:\/\/cairdeanchlair.org\/wp-content\/uploads\/2024\/09\/RTE_5-sept-2024_change-planned-to-protection-mngm-rivers-1536x1440.jpg 1536w, https:\/\/cairdeanchlair.org\/wp-content\/uploads\/2024\/09\/RTE_5-sept-2024_change-planned-to-protection-mngm-rivers.jpg 1675w\" sizes=\"(max-width: 1024px) 100vw, 1024px\" \/><\/a><\/figure>\n\n\n\n<hr class=\"wp-block-separator has-alpha-channel-opacity\"\/>\n\n\n\n<p>Existem quatro aspetos principais dos governos:<strong>Plano de A\u00e7\u00e3o para a \u00c1gua 2024: Terceiro plano de gest\u00e3o da bacia hidrogr\u00e1fica da Irlanda<\/strong>&#8221; <a href=\"https:\/\/www.gov.ie\/en\/press-release\/2f80b-minister-noonan-launches-overarching-national-plan-to-improve-water-quality-and-restore-freshwater-habitats\/\">plano<\/a> publicado em 4 de setembro de 2024<\/p>\n\n\n\n<p>\u2022 O \u00abPlano de A\u00e7\u00e3o para a \u00c1gua 2024\u00bb \u00e9 o roteiro da Irlanda para proteger e restaurar os nossos rios, lagos, estu\u00e1rios, \u00e1guas costeiras e \u00e1guas subterr\u00e2neas<\/p>\n\n\n\n<p>\u2022 O plano prev\u00ea que mais 300 massas de \u00e1gua alcancem um \u00abbom\u00bb estado at\u00e9 2027, com medidas espec\u00edficas para melhorar mais de 500<\/p>\n\n\n\n<p>\u2022 Investimento de v\u00e1rios milhares de milh\u00f5es de euros em infraestruturas de \u00e1guas residuais, refor\u00e7o da a\u00e7\u00e3o em mat\u00e9ria de nitratos e \u00eanfase no cumprimento e na execu\u00e7\u00e3o<\/p>\n\n\n\n<p>\u2022 O Fundo Comunit\u00e1rio de Desenvolvimento da \u00c1gua para 2025 prestar\u00e1 apoio financeiro a projetos e iniciativas locais<\/p>","protected":false},"excerpt":{"rendered":"<p>Artigo noticioso publicado na RTE em 5 de setembro de 2024 Existem quatro aspetos principais do \u00abPlano de A\u00e7\u00e3o para a \u00c1gua 2024: Terceiro plano de gest\u00e3o da bacia hidrogr\u00e1fica da Irlanda\u00bb, publicado em 4 de setembro de 2024 \u2022 O \u00abPlano de A\u00e7\u00e3o para a \u00c1gua 2024\u00bb \u00e9 o roteiro da Irlanda para proteger e restaurar os nossos rios, lagos, estu\u00e1rios, \u00e1guas costeiras e \u00e1guas subterr\u00e2neas \u2022 [...]<\/p>","protected":false},"author":3,"featured_media":0,"parent":117,"menu_order":0,"comment_status":"closed","ping_status":"closed","template":"","meta":{"footnotes":""},"class_list":["post-574","page","type-page","status-publish","hentry"],"jetpack_sharing_enabled":true,"_links":{"self":[{"href":"https:\/\/cairdeanchlair.org\/pt\/wp-json\/wp\/v2\/pages\/574","targetHints":{"allow":["GET"]}}],"collection":[{"href":"https:\/\/cairdeanchlair.org\/pt\/wp-json\/wp\/v2\/pages"}],"about":[{"href":"https:\/\/cairdeanchlair.org\/pt\/wp-json\/wp\/v2\/types\/page"}],"author":[{"embeddable":true,"href":"https:\/\/cairdeanchlair.org\/pt\/wp-json\/wp\/v2\/users\/3"}],"replies":[{"embeddable":true,"href":"https:\/\/cairdeanchlair.org\/pt\/wp-json\/wp\/v2\/comments?post=574"}],"version-history":[{"count":5,"href":"https:\/\/cairdeanchlair.org\/pt\/wp-json\/wp\/v2\/pages\/574\/revisions"}],"predecessor-version":[{"id":583,"href":"https:\/\/cairdeanchlair.org\/pt\/wp-json\/wp\/v2\/pages\/574\/revisions\/583"}],"up":[{"embeddable":true,"href":"https:\/\/cairdeanchlair.org\/pt\/wp-json\/wp\/v2\/pages\/117"}],"wp:attachment":[{"href":"https:\/\/cairdeanchlair.org\/pt\/wp-json\/wp\/v2\/media?parent=574"}],"curies":[{"name":"wp","href":"https:\/\/api.w.org\/{rel}","templated":true}]}}